{"id":4327,"date":"2022-01-10T09:45:14","date_gmt":"2022-01-10T09:45:14","guid":{"rendered":"https:\/\/www.skysea-resort.com\/datenschutz-bestimmungen\/"},"modified":"2022-04-26T07:48:11","modified_gmt":"2022-04-26T07:48:11","slug":"datenschutz-bestimmungen","status":"publish","type":"page","link":"https:\/\/www.skysea-resort.com\/de\/datenschutz-bestimmungen\/","title":{"rendered":"Datenschutz-Bestimmungen"},"content":{"rendered":"\t\t<div data-elementor-type=\"wp-page\" data-elementor-id=\"4327\" class=\"elementor elementor-4327 elementor-1502\" data-elementor-post-type=\"page\">\n\t\t\t\t\t\t<section class=\"elementor-section elementor-top-section elementor-element elementor-element-991c682 elementor-section-boxed elementor-section-height-default elementor-section-height-default\" data-id=\"991c682\" data-element_type=\"section\" data-settings=\"{&quot;jet_parallax_layout_list&quot;:[{&quot;jet_parallax_layout_image&quot;:{&quot;url&quot;:&quot;&quot;,&quot;id&quot;:&quot;&quot;,&quot;size&quot;:&quot;&quot;},&quot;_id&quot;:&quot;b661ed8&quot;,&quot;jet_parallax_layout_image_tablet&quot;:{&quot;url&quot;:&quot;&quot;,&quot;id&quot;:&quot;&quot;,&quot;size&quot;:&quot;&quot;},&quot;jet_parallax_layout_image_mobile&quot;:{&quot;url&quot;:&quot;&quot;,&quot;id&quot;:&quot;&quot;,&quot;size&quot;:&quot;&quot;},&quot;jet_parallax_layout_speed&quot;:{&quot;unit&quot;:&quot;%&quot;,&quot;size&quot;:50,&quot;sizes&quot;:[]},&quot;jet_parallax_layout_type&quot;:&quot;scroll&quot;,&quot;jet_parallax_layout_direction&quot;:&quot;1&quot;,&quot;jet_parallax_layout_fx_direction&quot;:null,&quot;jet_parallax_layout_z_index&quot;:&quot;&quot;,&quot;jet_parallax_layout_bg_x&quot;:50,&quot;jet_parallax_layout_bg_x_tablet&quot;:&quot;&quot;,&quot;jet_parallax_layout_bg_x_mobile&quot;:&quot;&quot;,&quot;jet_parallax_layout_bg_y&quot;:50,&quot;jet_parallax_layout_bg_y_tablet&quot;:&quot;&quot;,&quot;jet_parallax_layout_bg_y_mobile&quot;:&quot;&quot;,&quot;jet_parallax_layout_bg_size&quot;:&quot;auto&quot;,&quot;jet_parallax_layout_bg_size_tablet&quot;:&quot;&quot;,&quot;jet_parallax_layout_bg_size_mobile&quot;:&quot;&quot;,&quot;jet_parallax_layout_animation_prop&quot;:&quot;transform&quot;,&quot;jet_parallax_layout_on&quot;:[&quot;desktop&quot;,&quot;tablet&quot;]}]}\">\n\t\t\t\t\t\t<div class=\"elementor-container elementor-column-gap-default\">\n\t\t\t\t\t<div class=\"elementor-column elementor-col-100 elementor-top-column elementor-element elementor-element-c7e83bd\" data-id=\"c7e83bd\" data-element_type=\"column\">\n\t\t\t<div class=\"elementor-widget-wrap\">\n\t\t\t\t\t\t\t<\/div>\n\t\t<\/div>\n\t\t\t\t\t<\/div>\n\t\t<\/section>\n\t\t\t\t<section class=\"elementor-section elementor-top-section elementor-element elementor-element-135ab7b elementor-section-boxed elementor-section-height-default elementor-section-height-default\" data-id=\"135ab7b\" data-element_type=\"section\" data-settings=\"{&quot;jet_parallax_layout_list&quot;:[{&quot;jet_parallax_layout_image&quot;:{&quot;url&quot;:&quot;&quot;,&quot;id&quot;:&quot;&quot;,&quot;size&quot;:&quot;&quot;},&quot;_id&quot;:&quot;454c973&quot;,&quot;jet_parallax_layout_image_tablet&quot;:{&quot;url&quot;:&quot;&quot;,&quot;id&quot;:&quot;&quot;,&quot;size&quot;:&quot;&quot;},&quot;jet_parallax_layout_image_mobile&quot;:{&quot;url&quot;:&quot;&quot;,&quot;id&quot;:&quot;&quot;,&quot;size&quot;:&quot;&quot;},&quot;jet_parallax_layout_speed&quot;:{&quot;unit&quot;:&quot;%&quot;,&quot;size&quot;:50,&quot;sizes&quot;:[]},&quot;jet_parallax_layout_type&quot;:&quot;scroll&quot;,&quot;jet_parallax_layout_direction&quot;:&quot;1&quot;,&quot;jet_parallax_layout_fx_direction&quot;:null,&quot;jet_parallax_layout_z_index&quot;:&quot;&quot;,&quot;jet_parallax_layout_bg_x&quot;:50,&quot;jet_parallax_layout_bg_x_tablet&quot;:&quot;&quot;,&quot;jet_parallax_layout_bg_x_mobile&quot;:&quot;&quot;,&quot;jet_parallax_layout_bg_y&quot;:50,&quot;jet_parallax_layout_bg_y_tablet&quot;:&quot;&quot;,&quot;jet_parallax_layout_bg_y_mobile&quot;:&quot;&quot;,&quot;jet_parallax_layout_bg_size&quot;:&quot;auto&quot;,&quot;jet_parallax_layout_bg_size_tablet&quot;:&quot;&quot;,&quot;jet_parallax_layout_bg_size_mobile&quot;:&quot;&quot;,&quot;jet_parallax_layout_animation_prop&quot;:&quot;transform&quot;,&quot;jet_parallax_layout_on&quot;:[&quot;desktop&quot;,&quot;tablet&quot;]}]}\">\n\t\t\t\t\t\t<div class=\"elementor-container elementor-column-gap-default\">\n\t\t\t\t\t<div class=\"elementor-column elementor-col-100 elementor-top-column elementor-element elementor-element-832891a\" data-id=\"832891a\" data-element_type=\"column\">\n\t\t\t<div class=\"elementor-widget-wrap elementor-element-populated\">\n\t\t\t\t\t\t<div class=\"elementor-element elementor-element-bfef60f elementor-widget elementor-widget-heading\" data-id=\"bfef60f\" data-element_type=\"widget\" data-widget_type=\"heading.default\">\n\t\t\t\t\t<h2 class=\"elementor-heading-title elementor-size-default\">Datenschutz-Bestimmungen<\/h2>\t\t\t\t<\/div>\n\t\t\t\t<div class=\"elementor-element elementor-element-5443e04 elementor-widget elementor-widget-text-editor\" data-id=\"5443e04\" data-element_type=\"widget\" data-widget_type=\"text-editor.default\">\n\t\t\t\t\t\t\t\t\t<p>SkySea Resort legt gro\u00dfen Wert auf die Privatsph\u00e4re und den Schutz personenbezogener Daten seiner Besucher \/ Benutzer. Es wird darauf hingewiesen, dass personenbezogene Daten in Bezug auf die einschl\u00e4gigen Rechtsvorschriften (Datenschutz-Grundverordnung 2016\/679 \/ EU) nur die Informationen umfassen, die sich auf eine identifizierte oder &#8211; anhand bestimmter Merkmale &#8211; identifizierbare nat\u00fcrliche Person (betroffene Person) beziehen. Informationen \u00fcber juristische Personen und Personengruppen oder Informationen statistischer Art, bei denen eine R\u00fcckverfolgung zu einer identifizierten oder identifizierbaren nat\u00fcrlichen Person nicht m\u00f6glich ist, fallen nicht unter diese Datenkategorie und sind vom Anwendungsbereich der einschl\u00e4gigen Rechtsvorschriften ausgenommen.<\/p>\n<p>Diese Datenschutzrichtlinie ist vollst\u00e4ndig mit der Europ\u00e4ischen Verordnung zum Schutz nat\u00fcrlicher Personen bei der Verarbeitung personenbezogener Daten (EU \/ 2016\/679) und der einschl\u00e4gigen griechischen Gesetzgebung vereinbar.<br>SkySea-Resort&nbsp; kann die aktuelle Richtlinie jederzeit und ohne vorherige Ank\u00fcndigung \u00e4ndern und eine solche \u00c4nderung \u00fcber diese Website ver\u00f6ffentlichen. Die Navigation und Nutzung dieser Website durch Besucher \/ Benutzer entspricht der Best\u00e4tigung seitens der Besucher \/ Benutzer, dass sie diese Datenschutzrichtlinie gelesen, verstanden und bedingungslos akzeptiert haben.<\/p>\n<p>In den nachfolgenden Bestimmungen finden Sie wichtige Informationen zu Art, Verwendungszweck und Schutz Ihrer personenbezogenen Daten, aber auch zu Ihren Betroffenenrechten in Bezug auf diese Daten. Bei Unklarheiten k\u00f6nnen Sie sich an das SkySea Resort wenden&nbsp; unter info@skysea-resort.com<\/p>\n<p>\u2022 Datenverantwortlicher: SkySea Resort ist der Datenverantwortliche f\u00fcr personenbezogene Daten.<br>\u2022 Erhobene personenbezogene Daten: W\u00e4hrend Ihres Besuchs auf unserer Website sind Sie nicht verpflichtet, uns personenbezogene Daten zur Verf\u00fcgung zu stellen. Die einzigen F\u00e4lle, in denen wir Sie um Ihre Zustimmung zur Erhebung Ihrer personenbezogenen Daten bitten, sind:<\/p>\n<p>1. Wenn Sie das elektronische Kontaktformular ausf\u00fcllen. In diesem Fall bitten wir um folgende Informationen:<br>Email (erforderlich)<br>Name und Nachname (erforderlich)<br>Telefon (erforderlich)<br>2. W\u00e4hrend Ihres Besuchs auf unserer Website k\u00f6nnen bestimmte Informationen, wie z. B. die IP-Adresse (Internet Protocol Address) Ihres Computers, automatisch erfasst werden. Weitere Informationen finden Sie in unserer entsprechenden Cookie-Richtlinie unten oder in unseren Nutzungsbedingungen.<\/p>\n<p><span style=\"color: var( --e-global-color-text ); font-family: var( --e-global-typography-text-font-family ), Sans-serif; font-weight: var( --e-global-typography-text-font-weight ); font-size: 1rem;\">SkySea-Resort<\/span>&nbsp; unterh\u00e4lt eine dedizierte Webseite in sozialen Netzwerkplattformen wie Facebook, Instagram und YouTube. Sie k\u00f6nnen die Administratoren der einzelnen Websites unseres Hotels per Nachricht kontaktieren. F\u00fcr den Fall, dass der Administrator jeder Seite Nachrichten erh\u00e4lt, die personenbezogene Daten nat\u00fcrlicher Personen enthalten, werden diese von uns streng vertraulich behandelt und ihre Verwendung dient ausschlie\u00dflich dem Zweck der Kommunikation mit uns und der Erf\u00fcllung des Zwecks, f\u00fcr den sie erhoben wurden , sie werden gel\u00f6scht.<\/p>\n<p><span style=\"color: var( --e-global-color-text ); font-family: var( --e-global-typography-text-font-family ), Sans-serif; font-weight: var( --e-global-typography-text-font-weight ); font-size: 1rem;\">SkySea-Resort<\/span>&nbsp;\u00fcbt keinen Einfluss oder Kontrolle \u00fcber die Art und den Umfang der personenbezogenen Daten aus, die von Plattformen sozialer Netzwerke als Bedingung oder infolge ihrer Nutzung erhoben und gespeichert werden, und tr\u00e4gt keine Verantwortung f\u00fcr die Erhebung und Verarbeitung personenbezogener Daten die solche Plattformen durchgef\u00fchrt wird. N\u00e4here Informationen zu den Zwecken der Erhebung und weiteren Verarbeitung und Nutzung personenbezogener Daten durch die Plattformen sozialer Netzwerke sowie zu den diesbez\u00fcglichen Rechten und Einstellungsm\u00f6glichkeiten zum Schutz Ihrer Privatsph\u00e4re und Ihrer personenbezogenen Daten finden Sie in den Datenschutzhinweisen von die jeweilige Plattform des sozialen Netzwerks.<br>\u2022 Zweck und Grunds\u00e4tze der Erhebung personenbezogener Daten: SkySea Resort&nbsp;erhebt und verarbeitet personenbezogene Daten seiner Besucher\/Nutzer ausschlie\u00dflich zur Erf\u00fcllung seiner Zwecke und Dienstleistungen, genauer gesagt zur Weiterentwicklung seiner Kommunikation mit Ihnen im Rahmen der Erbringung unserer Dienstleistungen sowie zu Marketingzwecken . Die Verarbeitung beschr\u00e4nkt sich auf personenbezogene Daten, die zur Erf\u00fcllung der Zwecke und der Funktionalit\u00e4t seines Knotens erforderlich und angemessen sind. Die Verarbeitung unterliegt den Bestimmungen der Datenschutz-Grundverordnung und der einschl\u00e4gigen Gesetzgebung der Europ\u00e4ischen Union, der griechischen Gesetzgebung und den einschl\u00e4gigen internationalen Konventionen und Vertr\u00e4gen.<br>\u2022 Verwendung der erhobenen personenbezogenen Daten: Die \u00fcber die auf unserer Website verf\u00fcgbaren Kontaktplattformen erhobenen personenbezogenen Daten sowie alle anderen Daten, die uns m\u00f6glicherweise \u00fcber die von uns in verschiedenen Social-Media-Systemen gepflegten Profile \u00fcbermittelt werden, werden ausschlie\u00dflich zur Erf\u00fcllung unserer Zwecke verwendet Kommunikationszwecke mit Ihnen und zur besseren Erbringung von Dienstleistungen f\u00fcr Sie. Cookies, die w\u00e4hrend der Navigation auf unserer Website verwendet werden, werden zum Zwecke der Verkehrsanalyse auf unserer Website sowie zum besseren Verst\u00e4ndnis Ihrer Pr\u00e4ferenzen und zur Anzeige relevanter Werbung auf Websites Dritter verwendet. Eine weitergehende Verarbeitung, Weitergabe oder ein Austausch dieser Daten erfolgt nicht. In jedem Fall wird f\u00fcr die oben genannte Verwendung Ihrer personenbezogenen Daten zuvor Ihre entsprechende vorherige Zustimmung eingeholt.<br>\u2022 Cookie-Richtlinie: W\u00e4hrend der Navigation auf dieser Website, SkySea Resort&nbsp; kann Benutzeridentifikationsdaten unter Verwendung aller relevanten Technologien sammeln, wie z. B. Cookies und \/ oder \u00dcberwachung von Internetprotokolladressen (IP). Cookies sind kleine Textzeichenfolgen, die von einer vom Benutzer besuchten Website an die Browsing-Anwendung gesendet werden. Cookies werden verwendet, um die Website beim Speichern von Informationen zu beschleunigen, die f\u00fcr den Besuch des Benutzers relevant sind, wie z. B. Ihre bevorzugte Sprache, das Speichern Ihrer Einstellungen in Bezug auf sicheres Surfen, die Berechnung des Benutzerverkehrs oder die beschleunigte Registrierung f\u00fcr unsere Dienste.<br>So kontrollieren Sie Cookies: Sie k\u00f6nnen Cookies je nach Ihren Vorlieben kontrollieren oder l\u00f6schen. Einzelheiten finden Sie unter aboutcookies.org. Sie k\u00f6nnen alle Cookies l\u00f6schen, die bereits auf Ihrem Computer gespeichert sind, und Sie k\u00f6nnen auch die meisten Browser so anpassen, dass sie die Installation von Cookies verhindern. In diesem Fall m\u00fcssen Sie jedoch m\u00f6glicherweise bei jedem Besuch einer Website bestimmte Einstellungen manuell anpassen. Der Benutzer kann die Website ohne Probleme und ohne die Verwendung von Cookies verwenden, aber es kann ein Problem mit der Benutzerfreundlichkeit in Bezug auf die Funktionalit\u00e4t bestimmter Dienste auf der Website geben. Jegliche durch Cookies erhobenen personenbezogenen Daten, die auf den konkreten Besucher\/Benutzer zur\u00fcckgef\u00fchrt werden k\u00f6nnen, werden ausschlie\u00dflich zu den oben beschriebenen Zwecken verarbeitet.<br>\u2022 Weitergabe \/ Mitteilung von Daten an Dritte: Erhobene personenbezogene Daten k\u00f6nnen an Dritte weitergegeben oder weitergegeben werden, sofern dies gesetzlich vorgeschrieben oder f\u00fcr die Erf\u00fcllung von Zwecken und Diensten auf der Website erforderlich ist, sofern dies der Fall ist die einschl\u00e4gigen Rechtsvorschriften eingehalten werden. Wir k\u00f6nnen nat\u00fcrlichen oder juristischen Personen die Durchf\u00fchrung bestimmter Dienste und Funktionalit\u00e4ten der Website \u00fcbertragen, wie z. B. die Durchf\u00fchrung linearer Reservierungen. Diesen Stellen werden nur solche personenbezogenen Daten zur Verf\u00fcgung gestellt, die f\u00fcr die Erf\u00fcllung der zugewiesenen Dienstleistungen erforderlich sind, und alle beteiligten Stellen sind uns gegen\u00fcber gesetzlich zur Vertraulichkeit und zur sicheren Verarbeitung Ihrer personenbezogenen Daten verpflichtet.<br>\u2022 Ihre Rechte in Bezug auf die Sie betreffende Datenverarbeitung: Gem\u00e4\u00df den Bestimmungen der Datenschutz-Grundverordnung 679\/2016\/EU haben Sie das Recht, sowohl w\u00e4hrend der Erhebung Ihrer personenbezogenen Daten als auch zu einem sp\u00e4teren Zeitpunkt informiert zu werden \u00fcber die zu diesem Zweck stattfindende Verarbeitung Ihrer Sie betreffenden Daten sowie \u00fcber die Mitteilung\/\u00dcbermittlung an Dritte und deren Identit\u00e4t (Auskunfts- und Auskunftsrecht). Sie haben auch das Recht, die \u00c4nderung, Aktualisierung oder sogar L\u00f6schung Ihrer personenbezogenen Daten, die wir speichern, zu verlangen. Zus\u00e4tzlich haben Sie das Recht auf Einschr\u00e4nkung der Datenverarbeitung sowie das Recht auf ein Widerspruchsverfahren.<br>F\u00fcr Informationen \u00fcber die Aus\u00fcbung Ihrer gesetzlichen Rechte k\u00f6nnen Sie sich unter info@skysea-resort.com an den Datenschutzbeauftragten wenden&nbsp; und wir werden die Aus\u00fcbung der oben genannten Rechte beschleunigen. Sollten Sie dennoch der Ansicht sein, dass Ihr Anliegen von uns nicht gekl\u00e4rt werden konnte, behalten Sie sich das Recht vor, sich an die zust\u00e4ndige Aufsichtsbeh\u00f6rde (f\u00fcr Griechenland www.dpa.gr, wo alle relevanten Informationen abrufbar sind) zu wenden.<br>\u2022 Vertraulichkeit und Sicherheit: Personenbezogene Daten, die von uns im Rahmen der Funktionalit\u00e4t der Website erhoben werden, sind ausschlie\u00dflich f\u00fcr unsere Kommunikation mit Ihnen erforderlich. Sie sind streng vertraulich und werden ausschlie\u00dflich f\u00fcr die Zwecke dieser Kommunikation gespeichert. Der Zugriff auf die Daten ist nur wenigen F\u00fchrungskr\u00e4ften des SkySea Resorts gestattet, die zur Verschwiegenheit verpflichtet sind. Dar\u00fcber hinaus unterhalten wir angemessene Sicherheitssysteme und ergreifen alle relevanten, angemessenen und notwendigen Vorsichts- und Aufzeichnungsma\u00dfnahmen, um Sicherheitsverletzungen personenbezogener Daten (Leck, Offenlegung, unbefugter Zugriff) unserer Systeme zu vermeiden.<br>\u2022 \u00c4nderung dieser Datenschutzrichtlinie: Diese Datenschutzrichtlinie kann ge\u00e4ndert werden, wann immer dies f\u00fcr notwendig erachtet wird und immer in \u00dcbereinstimmung mit dem nationalen und europ\u00e4ischen Recht. Aus diesem Grund werden Sie gebeten, diese Webseite zu Ihrer pers\u00f6nlichen Information regelm\u00e4\u00dfig zu besuchen. Die Navigation und Nutzung dieser Website durch Besucher \/ Benutzer entspricht dem Eingest\u00e4ndnis der Besucher \/ Benutzer, dass sie diese Datenschutzrichtlinie gelesen, verstanden und implizit akzeptiert haben.<br>Kontakt: Wenn Sie Fragen zu dieser Datenschutzrichtlinie haben, k\u00f6nnen Sie sich an den Datenschutzbeauftragten unter wenden&nbsp;<span style=\"color: var( --e-global-color-text ); font-family: var( --e-global-typography-text-font-family ), Sans-serif; font-weight: var( --e-global-typography-text-font-weight ); font-size: 1rem;\">info@skysea-resort.com<\/span><\/p>\n<p>CCTV-RICHTLINIE<\/p>\n<p>SkySea-Resort<br>Informationen zur Verarbeitung personenbezogener Daten durch ein Video\u00fcberwachungssystem (Closed &#8211; Circuit TV)<br>1. Verantwortlicher:<br>SkySea-Resort<br>Profitis Ilias, 37002, Skiathos,<\/p>\n<p>Tel.<\/p>\n<p>2. Zweck der Verarbeitung und Rechtsgrundlage:<br>Wir verwenden ein \u00dcberwachungssystem zum Schutz von Personen und G\u00fctern. Die Verarbeitung ist f\u00fcr die Zwecke der rechtlichen Interessen erforderlich, die wir als Verantwortlicher anstreben (Artikel 6 Absatz 1 der Verordnung (EU) 1493\/1999. &#8211; DSGVO).<\/p>\n<p>3. Analyse der rechtlichen Interessen<br>Unser berechtigtes Interesse besteht darin, unser Gel\u00e4nde und die Waren in unserem Eigentum vor rechtswidrigen Handlungen, wie z. B. Diebstahl, zu sch\u00fctzen. Gleiches gilt f\u00fcr die Sicherheit von Leben, k\u00f6rperlicher Unversehrtheit, Gesundheit sowie Eigentum unserer Mitarbeiter und Kunden und Besucher, die sich rechtm\u00e4\u00dfig im \u00fcberwachten Bereich aufhalten. Wir erheben Bilddaten und schr\u00e4nken den Empfang nur in Bereichen ein, in denen wir eine erh\u00f6hte Wahrscheinlichkeit f\u00fcr die Begehung illegaler Handlungen, z. B. Diebstahl, eingesch\u00e4tzt haben, wie z Bereiche, in denen die Privatsph\u00e4re der Personen, deren Bilder aufgenommen werden, \u00fcberm\u00e4\u00dfig eingeschr\u00e4nkt werden kann, einschlie\u00dflich ihres Rechts auf Achtung personenbezogener Daten.<\/p>\n<p>4. Empf\u00e4nger<br>Auf das Material darf nur unser kompetentes \/ autorisiertes Personal zugreifen, das f\u00fcr die Sicherheit der Website verantwortlich ist. Dieses Material darf nicht an Dritte weitergegeben werden, au\u00dfer in den folgenden F\u00e4llen: (a) an die zust\u00e4ndigen Justiz-, Strafverfolgungs- und Polizeibeh\u00f6rden, wenn sie Informationen enthalten, die f\u00fcr die Aufkl\u00e4rung einer Straftat erforderlich sind, an der Personen oder Sachen des f\u00fcr die Verarbeitung Verantwortlichen beteiligt sind, (b) an die zust\u00e4ndigen Justiz-, Staatsanwaltschafts- und Polizeibeh\u00f6rden, wenn sie Daten rechtm\u00e4\u00dfig in Erf\u00fcllung ihrer Pflichten anfordern, und (c) an das Opfer oder den T\u00e4ter einer Straftat, im Falle von Daten, die Beweise f\u00fcr die Straftat darstellen k\u00f6nnen.<\/p>\n<p>5. Wartungszeit<br>Wir bewahren die Daten f\u00fcr sieben (7) Tage auf, danach werden sie automatisch gel\u00f6scht. F\u00fcr den Fall, dass wir w\u00e4hrend dieser Zeit einen Vorfall finden, isolieren wir einen Teil des Videos und bewahren es bis zu einem (1) Monat auf, um den Vorfall zu untersuchen und rechtliche Schritte einzuleiten, um unsere rechtlichen Interessen zu verteidigen Wenn der Vorfall einen Dritten betrifft, werden wir das Video bis zu drei (3) Monate l\u00e4nger beobachten.<\/p>\n<p>6. Rechte der betroffenen Personen<br>Betroffene Personen haben die folgenden Berechtigungen:<br>\u2022 Zugriffsrecht: Sie haben das Recht zu erfahren, ob wir Ihr Bild bearbeiten und gegebenenfalls eine Kopie davon zu erhalten.<br>\u2022 Recht auf Einschr\u00e4nkung: Sie haben das Recht, uns aufzufordern, die Verarbeitung einzuschr\u00e4nken, z. B. Daten nicht zu l\u00f6schen, die Sie f\u00fcr erforderlich halten, um Rechtsanspr\u00fcche geltend zu machen, auszu\u00fcben oder zu unterst\u00fctzen.<br>\u2022 Widerspruchsrecht: Sie haben das Recht, der Verarbeitung zu widersprechen.<br>\u2022 Recht auf L\u00f6schung: Sie haben das Recht zu verlangen, dass wir Ihre Daten l\u00f6schen.<\/p>\n<p>Sie k\u00f6nnen Ihre Rechte aus\u00fcben, indem Sie &#8211; an info@skysea-resort.com oder einen Brief an unsere Postanschrift senden oder indem Sie die Anfrage pers\u00f6nlich an die Adresse des Resorts senden. Alternativ geben wir Ihnen die M\u00f6glichkeit, zu unseren Einrichtungen zu kommen, um Ihnen die Bilder zu zeigen, auf denen Sie erscheinen. Wir weisen au\u00dferdem darauf hin, dass die Aus\u00fcbung eines Widerspruchs- oder L\u00f6schungsrechts nicht die sofortige L\u00f6schung von Daten oder die \u00c4nderung der Verarbeitung zur Folge hat. In jedem Fall werden wir innerhalb der von der DSGVO festgelegten Fristen so schnell wie m\u00f6glich ausf\u00fchrlich antworten.<\/p>\n<p>7. Beschwerderecht<br>Falls Sie der Ansicht sind, dass die Verarbeitung Ihrer Daten gegen die Verordnung (EU) 2016\/679 verst\u00f6\u00dft, haben Sie das Recht, eine Beschwerde bei einer Aufsichtsbeh\u00f6rde einzureichen https:\/\/www.dpa.gr\/, Tel. 0030-210.6475600.<\/p>\t\t\t\t\t\t\t\t<\/div>\n\t\t\t\t\t<\/div>\n\t\t<\/div>\n\t\t\t\t\t<\/div>\n\t\t<\/section>\n\t\t\t\t<\/div>\n\t\t","protected":false},"excerpt":{"rendered":"<p>Datenschutz-Bestimmungen SkySea Resort legt gro\u00dfen Wert auf die Privatsph\u00e4re und den Schutz personenbezogener Daten seiner Besucher \/ Benutzer. Es wird darauf hingewiesen, dass personenbezogene Daten in Bezug auf die einschl\u00e4gigen Rechtsvorschriften (Datenschutz-Grundverordnung 2016\/679 \/ EU) nur die Informationen umfassen, die sich auf eine identifizierte oder &#8211; anhand bestimmter Merkmale &#8211; identifizierbare nat\u00fcrliche Person (betroffene Person) [&hellip;]<\/p>\n","protected":false},"author":1,"featured_media":0,"parent":0,"menu_order":0,"comment_status":"closed","ping_status":"closed","template":"","meta":{"footnotes":""},"class_list":["post-4327","page","type-page","status-publish","hentry"],"_links":{"self":[{"href":"https:\/\/www.skysea-resort.com\/de\/wp-json\/wp\/v2\/pages\/4327","targetHints":{"allow":["GET"]}}],"collection":[{"href":"https:\/\/www.skysea-resort.com\/de\/wp-json\/wp\/v2\/pages"}],"about":[{"href":"https:\/\/www.skysea-resort.com\/de\/wp-json\/wp\/v2\/types\/page"}],"author":[{"embeddable":true,"href":"https:\/\/www.skysea-resort.com\/de\/wp-json\/wp\/v2\/users\/1"}],"replies":[{"embeddable":true,"href":"https:\/\/www.skysea-resort.com\/de\/wp-json\/wp\/v2\/comments?post=4327"}],"version-history":[{"count":0,"href":"https:\/\/www.skysea-resort.com\/de\/wp-json\/wp\/v2\/pages\/4327\/revisions"}],"wp:attachment":[{"href":"https:\/\/www.skysea-resort.com\/de\/wp-json\/wp\/v2\/media?parent=4327"}],"curies":[{"name":"wp","href":"https:\/\/api.w.org\/{rel}","templated":true}]}}