{"id":4288,"date":"2022-01-10T16:28:12","date_gmt":"2022-01-10T16:28:12","guid":{"rendered":"https:\/\/www.skysea-resort.com\/cookie-richtlinie\/"},"modified":"2022-04-26T07:47:32","modified_gmt":"2022-04-26T07:47:32","slug":"cookie-richtlinie","status":"publish","type":"page","link":"https:\/\/www.skysea-resort.com\/de\/cookie-richtlinie\/","title":{"rendered":"Cookie-Richtlinie"},"content":{"rendered":"\t\t<div data-elementor-type=\"wp-page\" data-elementor-id=\"4288\" class=\"elementor elementor-4288 elementor-1511\" data-elementor-post-type=\"page\">\n\t\t\t\t\t\t<section class=\"elementor-section elementor-top-section elementor-element elementor-element-991c682 elementor-section-boxed elementor-section-height-default elementor-section-height-default\" data-id=\"991c682\" data-element_type=\"section\" data-settings=\"{&quot;jet_parallax_layout_list&quot;:[{&quot;jet_parallax_layout_image&quot;:{&quot;url&quot;:&quot;&quot;,&quot;id&quot;:&quot;&quot;,&quot;size&quot;:&quot;&quot;},&quot;_id&quot;:&quot;b661ed8&quot;,&quot;jet_parallax_layout_image_tablet&quot;:{&quot;url&quot;:&quot;&quot;,&quot;id&quot;:&quot;&quot;,&quot;size&quot;:&quot;&quot;},&quot;jet_parallax_layout_image_mobile&quot;:{&quot;url&quot;:&quot;&quot;,&quot;id&quot;:&quot;&quot;,&quot;size&quot;:&quot;&quot;},&quot;jet_parallax_layout_speed&quot;:{&quot;unit&quot;:&quot;%&quot;,&quot;size&quot;:50,&quot;sizes&quot;:[]},&quot;jet_parallax_layout_type&quot;:&quot;scroll&quot;,&quot;jet_parallax_layout_direction&quot;:&quot;1&quot;,&quot;jet_parallax_layout_fx_direction&quot;:null,&quot;jet_parallax_layout_z_index&quot;:&quot;&quot;,&quot;jet_parallax_layout_bg_x&quot;:50,&quot;jet_parallax_layout_bg_x_tablet&quot;:&quot;&quot;,&quot;jet_parallax_layout_bg_x_mobile&quot;:&quot;&quot;,&quot;jet_parallax_layout_bg_y&quot;:50,&quot;jet_parallax_layout_bg_y_tablet&quot;:&quot;&quot;,&quot;jet_parallax_layout_bg_y_mobile&quot;:&quot;&quot;,&quot;jet_parallax_layout_bg_size&quot;:&quot;auto&quot;,&quot;jet_parallax_layout_bg_size_tablet&quot;:&quot;&quot;,&quot;jet_parallax_layout_bg_size_mobile&quot;:&quot;&quot;,&quot;jet_parallax_layout_animation_prop&quot;:&quot;transform&quot;,&quot;jet_parallax_layout_on&quot;:[&quot;desktop&quot;,&quot;tablet&quot;]}]}\">\n\t\t\t\t\t\t<div class=\"elementor-container elementor-column-gap-default\">\n\t\t\t\t\t<div class=\"elementor-column elementor-col-100 elementor-top-column elementor-element elementor-element-c7e83bd\" data-id=\"c7e83bd\" data-element_type=\"column\">\n\t\t\t<div class=\"elementor-widget-wrap\">\n\t\t\t\t\t\t\t<\/div>\n\t\t<\/div>\n\t\t\t\t\t<\/div>\n\t\t<\/section>\n\t\t\t\t<section class=\"elementor-section elementor-top-section elementor-element elementor-element-135ab7b elementor-section-boxed elementor-section-height-default elementor-section-height-default\" data-id=\"135ab7b\" data-element_type=\"section\" data-settings=\"{&quot;jet_parallax_layout_list&quot;:[{&quot;jet_parallax_layout_image&quot;:{&quot;url&quot;:&quot;&quot;,&quot;id&quot;:&quot;&quot;,&quot;size&quot;:&quot;&quot;},&quot;_id&quot;:&quot;454c973&quot;,&quot;jet_parallax_layout_image_tablet&quot;:{&quot;url&quot;:&quot;&quot;,&quot;id&quot;:&quot;&quot;,&quot;size&quot;:&quot;&quot;},&quot;jet_parallax_layout_image_mobile&quot;:{&quot;url&quot;:&quot;&quot;,&quot;id&quot;:&quot;&quot;,&quot;size&quot;:&quot;&quot;},&quot;jet_parallax_layout_speed&quot;:{&quot;unit&quot;:&quot;%&quot;,&quot;size&quot;:50,&quot;sizes&quot;:[]},&quot;jet_parallax_layout_type&quot;:&quot;scroll&quot;,&quot;jet_parallax_layout_direction&quot;:&quot;1&quot;,&quot;jet_parallax_layout_fx_direction&quot;:null,&quot;jet_parallax_layout_z_index&quot;:&quot;&quot;,&quot;jet_parallax_layout_bg_x&quot;:50,&quot;jet_parallax_layout_bg_x_tablet&quot;:&quot;&quot;,&quot;jet_parallax_layout_bg_x_mobile&quot;:&quot;&quot;,&quot;jet_parallax_layout_bg_y&quot;:50,&quot;jet_parallax_layout_bg_y_tablet&quot;:&quot;&quot;,&quot;jet_parallax_layout_bg_y_mobile&quot;:&quot;&quot;,&quot;jet_parallax_layout_bg_size&quot;:&quot;auto&quot;,&quot;jet_parallax_layout_bg_size_tablet&quot;:&quot;&quot;,&quot;jet_parallax_layout_bg_size_mobile&quot;:&quot;&quot;,&quot;jet_parallax_layout_animation_prop&quot;:&quot;transform&quot;,&quot;jet_parallax_layout_on&quot;:[&quot;desktop&quot;,&quot;tablet&quot;]}]}\">\n\t\t\t\t\t\t<div class=\"elementor-container elementor-column-gap-default\">\n\t\t\t\t\t<div class=\"elementor-column elementor-col-100 elementor-top-column elementor-element elementor-element-832891a\" data-id=\"832891a\" data-element_type=\"column\">\n\t\t\t<div class=\"elementor-widget-wrap elementor-element-populated\">\n\t\t\t\t\t\t<div class=\"elementor-element elementor-element-bfef60f elementor-widget elementor-widget-heading\" data-id=\"bfef60f\" data-element_type=\"widget\" data-widget_type=\"heading.default\">\n\t\t\t\t\t<h2 class=\"elementor-heading-title elementor-size-default\">Cookie-Richtlinie<\/h2>\t\t\t\t<\/div>\n\t\t\t\t<div class=\"elementor-element elementor-element-5443e04 elementor-widget elementor-widget-text-editor\" data-id=\"5443e04\" data-element_type=\"widget\" data-widget_type=\"text-editor.default\">\n\t\t\t\t\t\t\t\t\t<p><strong>1. Was ist eine Cookie-Richtlinie?<\/strong><br>Durch diese Richtlinie stellt unser Unternehmen, SkySea Resort, den Benutzern \/ Besuchern dieser Website Informationen \u00fcber die Verwendung von digitalen Trackern (im Folgenden Cookies) auf dieser Website zur Verf\u00fcgung. Insbesondere informieren wir Sie \u00fcber die Definition von Cookies, die Kategorie der von uns installierten Cookies, die Art der Daten, die sie sammeln, den Zweck und die Empf\u00e4nger, an die diese Daten m\u00f6glicherweise \u00fcbermittelt werden.<br>Au\u00dferdem informieren wir Sie durch diese Richtlinie dar\u00fcber, wie Sie Cookies abh\u00e4ngig von der Art der Cookies setzen oder deaktivieren k\u00f6nnen.<\/p><p><strong>2. Was ist ein Cookie<\/strong><br>Cookies sind kleine (digitale) Textdateien, die vom Webserver an den Browser des jeweiligen Benutzers gesendet und dort gespeichert werden, wenn der Benutzer die Website besucht. Cookies sollen Informationen an den Server senden, wenn der Benutzer bestimmte Funktionen auf der Website ausf\u00fchrt. Cookies dienen jedes Mal als Identit\u00e4t des Benutzers der Website, wenn der Benutzer darin navigiert. Die Identifizierung des Benutzers durch den Server ist einfach. Der vom Benutzer verwendete Browser sendet das Cookie nach dem Besuch der Website an den Webserver der Website.<br>Die Informationen, die sie an den Server senden, umfassen eine Vielzahl von Informationen, wie z. B. pers\u00f6nliche Identifikationsinformationen (Name, Adresse, E-Mail, IP-Adresse oder Telefonnummer).<br>Diese Informationen k\u00f6nnen jedoch nur gespeichert werden, wenn der einzelne Benutzer zugestimmt hat, mit Ausnahme der Informationen, die von den erforderlichen Cookies gespeichert werden, die aus Gr\u00fcnden der Sicherheit und des ununterbrochenen Surfens auf der Website erforderlich sind.<br>Diese Informationen werden f\u00fcr einen Zeitraum gespeichert, der von der Betriebsdauer des Cookies im Browser des Benutzers abh\u00e4ngt [dauerhafte oder nicht dauerhafte (Sitzungs-)Cookies], es sei denn, der Benutzer l\u00f6scht sie aus seinem Browser.<\/p><p><strong>3. Welche Art von Cookies wir verwenden<\/strong><br>Unsere Website verwendet Cookies-Technologie.<br>Insbesondere verwenden wir die folgenden Kategorien von Cookies:<br>I. Notwendige \/ operative Cookies<br>Notwendige Cookies werden verwendet, um die notwendigen Funktionen der Website zu unterst\u00fctzen. Ohne die Speicherung der spezifischen Cookies kann die Website nicht sicher und ununterbrochen betrieben werden, was dazu f\u00fchrt, dass der Benutzer nicht das gew\u00fcnschte Ma\u00df an Sicherheit und Benutzerfreundlichkeit genie\u00dft. Diese Cookies werden im Browser des Benutzers gespeichert, ohne dass sie aus den oben beschriebenen Gr\u00fcnden abgelehnt werden k\u00f6nnen. Die Ablehnung dieser Cookies f\u00fchrt zu einem unsicheren Surfen und dem Fehlen der vollst\u00e4ndigen Nutzbarkeit der Website w\u00e4hrend des Surfens des Benutzers, sodass der Benutzer nicht alle Funktionen der Website sicher nutzen kann. Aus diesem Grund bed\u00fcrfen sie nicht Ihrer Zustimmung.<br>Speziell:<\/p><p>\u2022 Authentifizierungs-Cookies<br>\u2022 Technische Cookies, die von bestimmten IT-Systemen ben\u00f6tigt werden<br>II. Statistik-Cookies<br>Statistik-Sammel-Cookies helfen Website-Eigent\u00fcmern zu verstehen, wie Benutzer mit Websites interagieren, indem sie Informationen auf anonymer Basis sammeln und \u00fcbermitteln, um die Website zu verbessern. Diese Cookies werden von uns oder Dritten in unserem Auftrag platziert.<br>III. Marketing-Cookies<br>Marketing-Cookies wurden entwickelt, um Inhalte bereitzustellen, die am besten zu Ihnen und Ihren Interessen passen. Sie sammeln Informationen \u00fcber Ihre Pr\u00e4ferenzen, um Ihnen relevante Anzeigen oder Auflistungen unseres Unternehmens oder Partnerunternehmen anzuzeigen. Diese Cookies werden von uns oder Dritten in unserem Auftrag platziert und helfen uns, Ihnen personalisierte und zielgerichtete Informationen \u2013 Nachrichten und Inhalte im Allgemeinen \u2013 sowohl w\u00e4hrend als auch nach Ihrem Besuch auf unserer Website bereitzustellen.<br>In der folgenden Tabelle k\u00f6nnen Sie weitere Informationen zu den von uns verwendeten Cookies nach Kategorien und Anbietern erhalten und Informationen dar\u00fcber erhalten.<\/p><table cellspacing=\"0\" cellpadding=\"7\"><tbody><tr><td bgcolor=\"#f8cdfd\"><strong>Kategorie<\/strong><\/td> <td bgcolor=\"#f8cdfd\"><strong>Name<\/strong><\/td> <td bgcolor=\"#f8cdfd\"><strong>Anbieter<\/strong><\/td> <td bgcolor=\"#f8cdfd\"><strong>Aufbewahrungszeit<\/strong><\/td> <td bgcolor=\"#f8cdfd\"><strong>Zweck<\/strong><\/td><\/tr><tr><td rowspan=\"3\"><p><strong>Notwendig<\/strong><\/p><p><strong>Betriebsbereit<\/strong><\/p><\/td><td>GMT_bias<\/td> <td>SkySea Resort<\/td> <td>24 Stunden<\/td> <td>Erfassung des lokalen Datums und der Uhrzeit des Benutzers<\/td><\/tr><tr><td><p>PHPSESSID<\/p><\/td><td>SkySea Resort<\/td> <td>24 Stunden<\/td> <td>Sammlung von Informationen \u00fcber die Verbindung des Benutzers mit der Website<\/td><\/tr><tr><td>Aufl\u00f6sung<\/td> <td>SkySea Resort<\/td> <td>Session<\/td> <td>Sammlung von Informationen zur korrekten Anzeige der Website f\u00fcr den Benutzer<\/td><\/tr><tr><td><p><strong>Besucherpr\u00e4ferenzen<\/strong><\/p><p align=\"center\"> <\/p><\/td><td><div class=\"idb-help-text idb-label\"> <\/div><div class=\"info-text \">AW-373401651<\/div><\/td><td>Google<\/td> <td>24 Stunden<\/td> <td>Sammlung von Informationen wie Geschlecht, Alter und Vorlieben<\/td><\/tr><tr><td rowspan=\"2\"><strong>Statistiken<\/strong><\/td> <td>_ga<\/td> <td>Google<\/td> <td>2 Jahre<\/td> <td>Sammlung von Informationen zur Benutzeridentifikation<\/td><\/tr><tr><td>_gid<\/td> <td>Google<\/td> <td>24 Stunden<\/td> <td>Sammlung von Informationen zur Benutzeridentifikation<\/td><\/tr><tr><td><p><strong>Kommerziell<\/strong><\/p><p align=\"center\"> <\/p><\/td><td>_gcl_au<\/td> <td>Google<\/td> <td>3 Monate<\/td> <td>Sammelt Informationen zum Anzeigen relevanter Werbung<\/td><\/tr><tr><td><p><strong>Kommerziell<\/strong><\/p><p align=\"center\"> <\/p><\/td><td>Pixel-ID 629396821635641<\/td> <td>Facebook<\/td> <td>6 Monate<\/td> <td>Sammelt Informationen, um relevante Werbung anzuzeigen<\/td><\/tr><\/tbody><\/table><div class=\"widthLarge\"><div class=\"justify\"><p><strong>4. Wie akzeptieren Sie die oben genannte Verwendung von Cookies?<\/strong><br>Beim Betreten der Website werden Sie \u00fcber eine entsprechende Informationsnachricht \u00fcber die Verwendung von Cookies durch uns informiert, in der Sie aufgefordert werden, die Kategorien von Cookies auszuw\u00e4hlen, die Sie akzeptieren m\u00f6chten (mit Ausnahme der Kategorie der grundlegend erforderlichen Cookies). Mit der oben genannten Option erkl\u00e4ren Sie sich ausdr\u00fccklich mit der Verwendung dieser Kategorie von Cookies einverstanden, die von uns in einer entsprechenden elektronischen Datei Ihrer Wahl aufbewahrt werden.<\/p><p><strong>5. So deaktivieren Sie Cookies<\/strong><br>Der Prozess des L\u00f6schens oder Verwaltens von Cookies ist einfach und proportional zu dem Browser, den jeder Benutzer verwendet. Genauer gesagt wird im Folgenden der Vorgang zum L\u00f6schen von Cookies f\u00fcr die g\u00e4ngigsten Browser beschrieben:<br> a) Google Chrome:<br>https:\/\/support.google.com\/accounts\/answer\/61416?co=GENIE.Platform%3DDesktop&amp;hl=en<br> b) Mozilla-Firefox:<br>https:\/\/support.mozilla.org\/en-US\/kb\/disable-third-party-cookies<br> c) Microsoft Edge und Internet Explorer:<br>https:\/\/support.microsoft.com\/en-us\/search?query=disable%20cookies%20in%20microsoft%20edge<br> d) Safari-Webbrowser:<br>https:\/\/support.apple.com\/guide\/safari\/manage-cookies-and-website-data-sfri11471\/mac<br> e) Opera-Webbrowser:<br>https:\/\/help.opera.com\/en\/latest\/web-preferences\/#cookies<\/p><p><strong>6. Ihre Rechte gem\u00e4\u00df DSGVO<\/strong><br>In jedem Fall haben Sie die Kontrolle \u00fcber die Verarbeitung Ihrer personenbezogenen Daten. Insbesondere gem\u00e4\u00df den Bestimmungen der Datenschutz-Grundverordnung zum Schutz nat\u00fcrlicher Personen (EU 679\/2016, Artikel 13) und der <a href=\"https:\/\/www.skysea-resort.com\/privacy\/\">Datenschutzrichtlinie<\/a> unseres Unternehmens. <\/p><p><strong>7. Aktualisierungen<\/strong><br>Diese Cookie-Richtlinie kann sich jederzeit \u00e4ndern und wird auf unserer Website immer aktualisiert.<br>Die Richtlinie wurde immer als g\u00fcltig angesehen, wie sie in der letzten \u00c4nderung formuliert wurde.<br>Letzte Aktualisierung: Januar 2021<\/p><p>F\u00fcr mehr Informationen, kontaktieren sie bitte<\/p><p>SkySea-Resort<br>Adresse: <span class=\"elementor-icon-list-text\">Profitis Ilias, 37002, Skiathos, Griechenland<\/span> , Griechenland<br>T: <br>E: <a href=\"info@skysea-resort.com\">info@skysea-resort.com<\/a><\/p><\/div><\/div>\t\t\t\t\t\t\t\t<\/div>\n\t\t\t\t\t<\/div>\n\t\t<\/div>\n\t\t\t\t\t<\/div>\n\t\t<\/section>\n\t\t\t\t<\/div>\n\t\t","protected":false},"excerpt":{"rendered":"<p>Cookie-Richtlinie 1. Was ist eine Cookie-Richtlinie?Durch diese Richtlinie stellt unser Unternehmen, SkySea Resort, den Benutzern \/ Besuchern dieser Website Informationen \u00fcber die Verwendung von digitalen Trackern (im Folgenden Cookies) auf dieser Website zur Verf\u00fcgung. Insbesondere informieren wir Sie \u00fcber die Definition von Cookies, die Kategorie der von uns installierten Cookies, die Art der Daten, die [&hellip;]<\/p>\n","protected":false},"author":1,"featured_media":0,"parent":0,"menu_order":0,"comment_status":"closed","ping_status":"closed","template":"","meta":{"footnotes":""},"class_list":["post-4288","page","type-page","status-publish","hentry"],"_links":{"self":[{"href":"https:\/\/www.skysea-resort.com\/de\/wp-json\/wp\/v2\/pages\/4288","targetHints":{"allow":["GET"]}}],"collection":[{"href":"https:\/\/www.skysea-resort.com\/de\/wp-json\/wp\/v2\/pages"}],"about":[{"href":"https:\/\/www.skysea-resort.com\/de\/wp-json\/wp\/v2\/types\/page"}],"author":[{"embeddable":true,"href":"https:\/\/www.skysea-resort.com\/de\/wp-json\/wp\/v2\/users\/1"}],"replies":[{"embeddable":true,"href":"https:\/\/www.skysea-resort.com\/de\/wp-json\/wp\/v2\/comments?post=4288"}],"version-history":[{"count":0,"href":"https:\/\/www.skysea-resort.com\/de\/wp-json\/wp\/v2\/pages\/4288\/revisions"}],"wp:attachment":[{"href":"https:\/\/www.skysea-resort.com\/de\/wp-json\/wp\/v2\/media?parent=4288"}],"curies":[{"name":"wp","href":"https:\/\/api.w.org\/{rel}","templated":true}]}}